{"id":4532,"date":"2025-10-20T02:33:25","date_gmt":"2025-10-20T02:33:25","guid":{"rendered":"https:\/\/haigo.co.id\/mat\/?post_type=product&#038;p=4532"},"modified":"2025-10-20T02:33:25","modified_gmt":"2025-10-20T02:33:25","slug":"ip501m","status":"publish","type":"product","link":"https:\/\/haigo.co.id\/mat\/product\/ip501m\/","title":{"rendered":"IP501M"},"content":{"rendered":"<h2 class=\"headline3 title\">General<\/h2>\n<div class=\"mod_cont\">\n<div class=\"table_wrap border scroll-hint\">\n<table>\n<tbody>\n<tr>\n<th rowspan=\"2\">Current drain<br \/>\n(Maximum)<\/th>\n<th>TX<\/th>\n<td>Less than 0.6 A (13.8 V DC)<br \/>\nLess than 0.4 A (26.4 V DC)<\/td>\n<\/tr>\n<tr>\n<th>RX<\/th>\n<td>Less than 1.2 A (13.8 V DC)<br \/>\nLess than 0.8 A (26.4 V DC)<\/td>\n<\/tr>\n<tr>\n<th colspan=\"2\">Operating temperature range<\/th>\n<td>\u201310\u00b0C to +60\u00b0C; 14\u00b0F to +140\u00b0F<\/td>\n<\/tr>\n<tr>\n<th colspan=\"2\">Dimensions (W \u00d7 H \u00d7 D) (Projections not included)<\/th>\n<td>125 \u00d7 29 \u00d7 156 mm; 4.9 \u00d7 1.1 \u00d7 6.1 in (Approximate)<\/td>\n<\/tr>\n<tr>\n<th colspan=\"2\">Weight<\/th>\n<td>840 g; 1.9 lb (Main unit, approximate)<\/td>\n<\/tr>\n<tr>\n<th colspan=\"2\">Voice codec<\/th>\n<td>G. 726<\/td>\n<\/tr>\n<tr>\n<th colspan=\"2\">Audio output power<\/th>\n<td>More than 4 W (External SP, at 10% distortion into a 4 \u03a9 load)<\/td>\n<\/tr>\n<tr>\n<th colspan=\"2\">External microphone impedance<\/th>\n<td>600 \u03a9<\/td>\n<\/tr>\n<\/tbody>\n<\/table>\n<p><strong>All stated specifications are subject to change without notice or obligation.<\/strong><\/p>\n<div class=\"scroll-hint-icon-wrap\" data-target=\"scrollable-icon\"><\/div>\n<\/div>\n<\/div>\n<h2 class=\"headline3 title\">Interface<\/h2>\n<div class=\"mod_cont\">\n<div class=\"table_wrap border scroll-hint\">\n<table>\n<tbody>\n<tr>\n<th rowspan=\"2\">Network<\/th>\n<th>4G bands<\/th>\n<td>LTE B2, B4, B12 (USA)<br \/>\nLTE B1, B3, B7, B8, B20 (EXP)<br \/>\nLTE B1, B3, B5, B7, B8, B28 (AUS)<\/td>\n<\/tr>\n<tr>\n<th>3G bands<\/th>\n<td>W-CDMA B2, B5 (USA)<br \/>\nW-CDMA B1, B8 (EXP)<br \/>\nW-CDMA B1, B5 (AUS)<\/td>\n<\/tr>\n<tr>\n<th colspan=\"2\">Bluetooth<sup>\u00ae<\/sup>*<\/th>\n<td>Version 2.1 +EDR<\/td>\n<\/tr>\n<tr>\n<th colspan=\"2\">LAN<\/th>\n<td>RJ-45 type x 1 (Auto MDI\/MDI-X)<br \/>\n10BASE-T\/100BASE-TX<\/td>\n<\/tr>\n<tr>\n<th colspan=\"2\">External speaker jack<\/th>\n<td>3.5 mm (1\/8 in) (d), 4 \u03a9<\/td>\n<\/tr>\n<tr>\n<th colspan=\"2\">External equipment connector<\/th>\n<td>D-SUB 25-pin type (The optional OPC-2407 is required)<\/td>\n<\/tr>\n<\/tbody>\n<\/table>\n<p>* Version without Bluetooth also available. Ask your Dealer for details.<br \/>\n<strong>All stated specifications are subject to change without notice or obligation.<\/strong><\/p>\n<p>&nbsp;<\/p>\n<div class=\"scroll-hint-icon-wrap\" data-target=\"scrollable-icon\"><\/div>\n<\/div>\n<\/div>\n<h2 class=\"headline2 title\">Applicable U.S. Military Specifications &amp; IP Rating<\/h2>\n<div class=\"mod_cont mb3\">\n<div class=\"table_wrap border scroll-hint\">\n<table cellspacing=\"0\" cellpadding=\"0\">\n<tbody>\n<tr>\n<th colspan=\"1\" rowspan=\"2\">Standard<\/th>\n<td colspan=\"2\" rowspan=\"1\"><strong>MIL-810 G<\/strong><\/td>\n<\/tr>\n<tr>\n<td><strong>Method<\/strong><\/td>\n<td><strong>Procedure<\/strong><\/td>\n<\/tr>\n<tr>\n<th>Low Pressure<\/th>\n<td>500.5<\/td>\n<td>I, II<\/td>\n<\/tr>\n<tr>\n<th>High Temperature<\/th>\n<td>501.5<\/td>\n<td>I, II<\/td>\n<\/tr>\n<tr>\n<th>Low Temperature<\/th>\n<td>502.5<\/td>\n<td>I, II<\/td>\n<\/tr>\n<tr>\n<th>Temperature Shock<\/th>\n<td>503.5<\/td>\n<td>I-C<\/td>\n<\/tr>\n<tr>\n<th>Solar Radiation<\/th>\n<td>505.5<\/td>\n<td>I<\/td>\n<\/tr>\n<tr>\n<th>Rain Blowing\/Drip<\/th>\n<td>506.5<\/td>\n<td>I, III<\/td>\n<\/tr>\n<tr>\n<th>Dust Blowing<\/th>\n<td>510.5<\/td>\n<td>I<\/td>\n<\/tr>\n<tr>\n<th>Immersion<\/th>\n<td>512.5<\/td>\n<td>I<\/td>\n<\/tr>\n<tr>\n<th>Vibration<\/th>\n<td>514.6<\/td>\n<td>I<\/td>\n<\/tr>\n<tr>\n<th>Shock<\/th>\n<td>516.6<\/td>\n<td>I, IV<\/td>\n<\/tr>\n<\/tbody>\n<\/table>\n<p><strong>Also meets equivalent MIL-STD-810 -C, -D, -E and -F.<\/strong><\/p>\n<div class=\"scroll-hint-icon-wrap\" data-target=\"scrollable-icon\"><\/div>\n<\/div>\n<\/div>\n<div class=\"mod_cont\">\n<div class=\"table_wrap border scroll-hint\">\n<table cellspacing=\"0\" cellpadding=\"0\">\n<colgroup>\n<col \/><\/colgroup>\n<colgroup>\n<col \/><\/colgroup>\n<tbody>\n<tr>\n<th colspan=\"2\">Ingress Protection Standard<\/th>\n<\/tr>\n<tr>\n<th>Dust and Water<\/th>\n<td width=\"277\">IP54 (Dust-protection, water resistance)<\/td>\n<\/tr>\n<\/tbody>\n<\/table>\n<div class=\"scroll-hint-icon-wrap\" data-target=\"scrollable-icon\"><\/div>\n<\/div>\n<\/div>\n<h2 class=\"headline2 title\">Supplied Accessories<\/h2>\n<div class=\"mod_cont\">\n<div id=\"wrapper\">\n<div id=\"master\">\n<div id=\"main\">\n<div id=\"contents\">\n<div id=\"sub_contents\">\n<div id=\"products_info_detail\">\n<ul class=\"disc\">\n<li>HM-241, speaker microphone<\/li>\n<li>LTE antenna (2 pcs)<\/li>\n<li>GPS antenna<\/li>\n<li>DC power cable<\/li>\n<li>Mounting bracket kit<\/li>\n<li>Microphone hanger<\/li>\n<\/ul>\n<\/div>\n<\/div>\n<\/div>\n<\/div>\n<\/div>\n<\/div>\n<\/div>\n","protected":false},"excerpt":{"rendered":"<div class=\"elementor-element elementor-element-7857cfd elementor-widget elementor-widget-woocommerce-product-short-description\" data-id=\"7857cfd\" data-element_type=\"widget\" data-widget_type=\"woocommerce-product-short-description.default\">\n<div class=\"elementor-widget-container\">\n<div class=\"woocommerce-product-details__short-description\">\n<p>Wide Coverage Over an LTE (4G) and 3G Network, Mobile LTE Radio Interoperable with IP501H\/IP503H<\/p>\n<\/div>\n<\/div>\n<\/div>\n<div class=\"elementor-element elementor-element-64e522d elementor-widget elementor-widget-button\" data-id=\"64e522d\" data-element_type=\"widget\" data-widget_type=\"button.default\">\n<div class=\"elementor-widget-container\">\n<div class=\"elementor-button-wrapper\"><\/div>\n<\/div>\n<\/div>\n","protected":false},"featured_media":4533,"comment_status":"open","ping_status":"closed","template":"","meta":[],"product_brand":[36],"product_cat":[37,75],"product_tag":[],"class_list":{"0":"post-4532","1":"product","2":"type-product","3":"status-publish","4":"has-post-thumbnail","6":"product_brand-icom","7":"product_cat-icom","8":"product_cat-ip-radios","10":"first","11":"instock","12":"shipping-taxable","13":"product-type-simple"},"_links":{"self":[{"href":"https:\/\/haigo.co.id\/mat\/wp-json\/wp\/v2\/product\/4532","targetHints":{"allow":["GET"]}}],"collection":[{"href":"https:\/\/haigo.co.id\/mat\/wp-json\/wp\/v2\/product"}],"about":[{"href":"https:\/\/haigo.co.id\/mat\/wp-json\/wp\/v2\/types\/product"}],"replies":[{"embeddable":true,"href":"https:\/\/haigo.co.id\/mat\/wp-json\/wp\/v2\/comments?post=4532"}],"wp:featuredmedia":[{"embeddable":true,"href":"https:\/\/haigo.co.id\/mat\/wp-json\/wp\/v2\/media\/4533"}],"wp:attachment":[{"href":"https:\/\/haigo.co.id\/mat\/wp-json\/wp\/v2\/media?parent=4532"}],"wp:term":[{"taxonomy":"product_brand","embeddable":true,"href":"https:\/\/haigo.co.id\/mat\/wp-json\/wp\/v2\/product_brand?post=4532"},{"taxonomy":"product_cat","embeddable":true,"href":"https:\/\/haigo.co.id\/mat\/wp-json\/wp\/v2\/product_cat?post=4532"},{"taxonomy":"product_tag","embeddable":true,"href":"https:\/\/haigo.co.id\/mat\/wp-json\/wp\/v2\/product_tag?post=4532"}],"curies":[{"name":"wp","href":"https:\/\/api.w.org\/{rel}","templated":true}]}}