{"id":4499,"date":"2025-10-20T02:15:03","date_gmt":"2025-10-20T02:15:03","guid":{"rendered":"https:\/\/haigo.co.id\/mat\/?post_type=product&#038;p=4499"},"modified":"2025-10-20T02:15:03","modified_gmt":"2025-10-20T02:15:03","slug":"ic-f1000-ic-f2000","status":"publish","type":"product","link":"https:\/\/haigo.co.id\/mat\/product\/ic-f1000-ic-f2000\/","title":{"rendered":"IC-F1000\/IC-F2000"},"content":{"rendered":"<h2 class=\"headline3 title\">General<\/h2>\n<div class=\"mod_cont\">\n<div class=\"table_wrap border scroll-hint\">\n<table>\n<tbody>\n<tr>\n<th colspan=\"2\"><\/th>\n<th width=\"85\">IC-F1000T\/S<\/th>\n<th width=\"85\">IC-F1000<\/th>\n<th width=\"85\">IC-F2000T\/S<\/th>\n<th width=\"85\">IC-F2000<\/th>\n<\/tr>\n<tr>\n<th colspan=\"2\">Frequency coverage*<br \/>\n(*Varies according to version)<\/th>\n<td colspan=\"2\">136\u2013174 MHz<\/td>\n<td colspan=\"2\">400\u2013470 MHz (USA\/EUR\/EXP)<br \/>\n450\u2013512 MHz (USA)<br \/>\n450\u2013520 MHz (EXP)<\/td>\n<\/tr>\n<tr>\n<th colspan=\"2\">Number of channels<\/th>\n<td>128 channels\/ 8 zones<\/td>\n<td>16 channels<\/td>\n<td>128 channels\/ 8 zones<\/td>\n<td>16 channels<\/td>\n<\/tr>\n<tr>\n<th colspan=\"2\" rowspan=\"2\">Type of emission<\/th>\n<td colspan=\"4\">16K0F3E*\/11K0F3E (USA\/EXP)<\/td>\n<\/tr>\n<tr>\n<td colspan=\"4\">16K0F3E\/14K0F3E\/8K50F3E (EUR)<\/td>\n<\/tr>\n<tr>\n<th colspan=\"2\">Power supply requirement<\/th>\n<td colspan=\"4\">7.5V DC nominal<\/td>\n<\/tr>\n<tr>\n<th rowspan=\"2\" width=\"54\">Current drain<br \/>\n(approx.)<\/th>\n<th width=\"75\">Tx<\/th>\n<td colspan=\"4\">1.3A<\/td>\n<\/tr>\n<tr>\n<th>Rx<\/th>\n<td colspan=\"2\">500 mA \/77 mA<br \/>\n(Max. audio (internal SP)\/Standby)<\/td>\n<td colspan=\"2\">500 mA \/80 mA<br \/>\n(Max. audio (internal SP)\/Standby)<\/td>\n<\/tr>\n<tr>\n<th colspan=\"2\">Antenna impedance<\/th>\n<td colspan=\"4\">50\u03a9<\/td>\n<\/tr>\n<tr>\n<th colspan=\"2\" rowspan=\"2\">Operating temperature range<br \/>\n(Radio specification)<\/th>\n<td colspan=\"4\">\u201330\u00b0C to +60\u00b0C; \u201322\u00b0F to +140\u00b0F (Radio specification)<br \/>\n(USA\/EXP)<\/td>\n<\/tr>\n<tr>\n<td colspan=\"4\">\u201325\u00b0C to +55\u00b0C (Radio specifi cation)<br \/>\n(EUR)<\/td>\n<\/tr>\n<tr>\n<th colspan=\"2\">Dimensions<br \/>\n(W \u00d7 H \u00d7 D; Projections not included)<\/th>\n<td colspan=\"4\">52.2 \u00d7 111.8 \u00d7 24.5 mm; 2.1 \u00d7 4.4 \u00d7 1.0 in (With BP-279)<\/td>\n<\/tr>\n<tr>\n<th colspan=\"2\">Weight\u00a0(approx.)<\/th>\n<td colspan=\"4\">240 g; 8.5 oz (With BP-279)<\/td>\n<\/tr>\n<\/tbody>\n<\/table>\n<p>&nbsp;<\/p>\n<p>*16k0F3E (30\u00a0kHz bandwidth) is no longer available for FCC Part 90 licensees for USA versions.<\/p>\n<div class=\"scroll-hint-icon-wrap\" data-target=\"scrollable-icon\"><\/div>\n<\/div>\n<\/div>\n<h2 class=\"headline3 title\">Transmitter<\/h2>\n<div class=\"mod_cont\">\n<div class=\"table_wrap border scroll-hint\">\n<table>\n<tbody>\n<tr>\n<th colspan=\"2\"><\/th>\n<th width=\"85\">IC-F1000T\/S<\/th>\n<th width=\"85\">IC-F1000<\/th>\n<th width=\"85\">IC-F2000T\/S<\/th>\n<th width=\"85\">IC-F2000<\/th>\n<\/tr>\n<tr>\n<th colspan=\"2\">Output power<br \/>\n(Hi, L2, L1)<\/th>\n<td colspan=\"2\">5 W, 2 W, 1 W<\/td>\n<td colspan=\"2\">4 W, 2 W, 1 W<\/td>\n<\/tr>\n<tr>\n<th colspan=\"2\">Maximum frequency deviation<\/th>\n<td colspan=\"4\" height=\"7\">\u00b1 5.0 kHz (25 kHz)*, \u00b14.0 kHz (20 kHz), \u00b12.5 kHz (12.5 kHz)<\/td>\n<\/tr>\n<tr>\n<th colspan=\"2\" rowspan=\"2\">Spurious emissions<\/th>\n<td colspan=\"4\" height=\"2\">70 dB minimum (USA\/EXP)<\/td>\n<\/tr>\n<tr>\n<td colspan=\"4\" height=\"3\">0.25 \u03bcW (\u2264 1 GHz), 1.0 \u03bcW (&gt; 1 GHz) (EUR)<\/td>\n<\/tr>\n<tr>\n<th colspan=\"2\">Frequency stability<\/th>\n<td colspan=\"4\" height=\"18\">\u00b12.5ppm<\/td>\n<\/tr>\n<tr>\n<th colspan=\"2\">Audio harmonic distortion<\/th>\n<td colspan=\"4\" height=\"18\">1.0% typical (25\/20 kHz), 1.5% typical (12.5 kHz)<br \/>\n(at AF 1 kHz 40% deviation)<\/td>\n<\/tr>\n<tr>\n<th colspan=\"2\">FM Hum and Noise<br \/>\n(without CCITT filter)<\/th>\n<td colspan=\"4\" height=\"18\">46 dB typical (25 kHz), 40 dB typical (12.5 kHz)<br \/>\n(USA\/EXP)<\/td>\n<\/tr>\n<tr>\n<th colspan=\"2\">Residual modulations<br \/>\n(with CCITT filter)<\/th>\n<td colspan=\"2\" height=\"18\">50 dB typical (25 kHz),<br \/>\n47 dB typical (20 kHz),<br \/>\n44 dB typical (12.5 kHz)<br \/>\n(EUR)<\/td>\n<td colspan=\"2\" height=\"18\">53 dB typical (25 kHz),<br \/>\n51 dB typical (20 kHz),<br \/>\n48 dB typical (12.5 kHz)<br \/>\n(EUR)<\/td>\n<\/tr>\n<tr>\n<th colspan=\"2\">External microphone connector<\/th>\n<td colspan=\"4\" height=\"18\">3-conductor 2.5 (d) mm (1\/10)\/2.2 k\u03a9<\/td>\n<\/tr>\n<\/tbody>\n<\/table>\n<p>&nbsp;<\/p>\n<p>* 25 kHz bandwidth is no longer available for FCC Part 90 licensees for USA versions.<\/p>\n<div class=\"scroll-hint-icon-wrap\" data-target=\"scrollable-icon\"><\/div>\n<\/div>\n<\/div>\n<h2 class=\"headline3 title\">Receiver<\/h2>\n<div class=\"mod_cont\">\n<div class=\"table_wrap border scroll-hint\">\n<div class=\"mod_cont\">\n<div class=\"table_wrap border scroll-hint\">\n<table>\n<tbody>\n<tr>\n<th colspan=\"2\"><\/th>\n<th width=\"98\">IC-F1000T\/S<\/th>\n<th width=\"85\">IC-F1000<\/th>\n<th width=\"85\">IC-F2000T\/S<\/th>\n<th width=\"85\">IC-F2000<\/th>\n<\/tr>\n<tr>\n<th rowspan=\"2\" width=\"64\">Sensitivity<\/th>\n<th width=\"90\">(at 12dB SINAD)<\/th>\n<td colspan=\"4\">0.25\u03bcV typical<\/td>\n<\/tr>\n<tr>\n<th>(at 20dB SINAD)<\/th>\n<td colspan=\"4\">\u20134 dB\u03bcV typical emf<\/td>\n<\/tr>\n<tr>\n<th colspan=\"2\" rowspan=\"2\">Adjacent channel selectivity<\/th>\n<td colspan=\"2\">76 dB typical (25 kHz),<br \/>\n53 dB typical (12.5 kHz)<br \/>\n(TIA-603D)&nbsp;<\/p>\n<p>78 dB typical (25 kHz),<br \/>\n71 dB typical (12.5 kHz)<br \/>\n(TIA-603A)<\/td>\n<td colspan=\"2\">73 dB typical (25 kHz),<br \/>\n56 dB typical (12.5 kHz)<br \/>\n(TIA-603D)&nbsp;<\/p>\n<p>74 dB typical (25 kHz),<br \/>\n64 dB typical (12.5 kHz)<br \/>\n(TIA-603A)<\/td>\n<\/tr>\n<tr>\n<td colspan=\"2\">76 dB typ. (25 kHz),<br \/>\n72 dB typ. (20 kHz),<br \/>\n53 dB typ. (12.5 kHz)<br \/>\n(EUR)<\/td>\n<td colspan=\"2\">73 dB typ. (25 kHz),<br \/>\n73 dB typ. (20 kHz),<br \/>\n56 dB typ. (12.5 kHz)<br \/>\n(EUR)<\/td>\n<\/tr>\n<tr>\n<th colspan=\"2\">Spurious response rejection<\/th>\n<td colspan=\"4\">70dB minimum<\/td>\n<\/tr>\n<tr>\n<th colspan=\"2\" rowspan=\"2\">Intermodulation rejection<\/th>\n<td colspan=\"2\">74 dB typical (USA\/EXP)<\/td>\n<td colspan=\"2\">73 dB typical (USA\/EXP)<\/td>\n<\/tr>\n<tr>\n<td colspan=\"2\">68 dB typical (EUR)<\/td>\n<td colspan=\"2\">67 dB typical (EUR)<\/td>\n<\/tr>\n<tr>\n<th rowspan=\"2\">Hum and noise<\/th>\n<th>(With CCITT filter)<\/th>\n<td colspan=\"2\">51 dB typical (25 kHz),<br \/>\n45 dB typical (12.5 kHz) (USA\/EXP)<\/td>\n<td colspan=\"2\">49 dB typical (25 kHz),<br \/>\n43 dB typical (12.5 kHz) (USA\/EXP)<\/td>\n<\/tr>\n<tr>\n<th>(Without CCITT filter)<\/th>\n<td colspan=\"2\">52 dB typical (25 kHz),<br \/>\n49 dB typical (20 kHz),<br \/>\n46 dB typical (12.5 kHz)<br \/>\n(EUR)<\/td>\n<td colspan=\"2\">52 dB typical (25 kHz),<br \/>\n50 dB typical (20 kHz),<br \/>\n47 dB typical (12.5 kHz)<br \/>\n(EUR)<\/td>\n<\/tr>\n<tr>\n<th rowspan=\"2\">AF output power<br \/>\n(at 5% distortion 8\u03a9 load )<\/th>\n<th>Internal SP<\/th>\n<td colspan=\"4\">1500 mW typical<\/td>\n<\/tr>\n<tr>\n<th>External SP<\/th>\n<td colspan=\"4\">400 mW typical (Single end)<br \/>\n1500 mW typical (BTL, HM-222HLWP connected*)<\/td>\n<\/tr>\n<tr>\n<th colspan=\"2\">External speaker connector<\/th>\n<td colspan=\"4\">2-conductor 3.5 (d) mm (1\u20448)\/8 \u03a9<\/td>\n<\/tr>\n<\/tbody>\n<\/table>\n<p>&nbsp;<\/p>\n<p>All stated specifications are subject to change without notice or obligation.<br \/>\nMeasurements made in accordance with TIA-603 (USA\/EXP) or EN 300-086 (EUR).<br \/>\n* For the transceiver with \u201cU\u201d make on the serial number label.<\/p>\n<div class=\"scroll-hint-icon-wrap\" data-target=\"scrollable-icon\">\n<div class=\"scroll-hint-text\"><\/div>\n<\/div>\n<div class=\"scroll-hint-icon-wrap\" data-target=\"scrollable-icon\"><\/div>\n<\/div>\n<\/div>\n<div class=\"scroll-hint-icon-wrap\" data-target=\"scrollable-icon\"><\/div>\n<\/div>\n<\/div>\n<h2 class=\"headline2 title\">Function Comparison and Internal Unit Options<\/h2>\n<div class=\"mod_cont\">\n<div class=\"table_wrap border scroll-hint\">\n<table cellspacing=\"0\" cellpadding=\"0\">\n<tbody>\n<tr>\n<th colspan=\"2\"><\/th>\n<th width=\"266\">IC-F1000\/S\/T IC-F2000\/S\/T<\/th>\n<\/tr>\n<tr>\n<th colspan=\"2\" height=\"16\">Number of option slots<\/th>\n<td>\u2013<\/td>\n<\/tr>\n<tr>\n<th rowspan=\"2\" width=\"144\" height=\"32\">CTCSS\/ DTCS<\/th>\n<th width=\"123\">encoder<\/th>\n<td>Available<\/td>\n<\/tr>\n<tr>\n<th height=\"16\">decoder<\/th>\n<td>Available<\/td>\n<\/tr>\n<tr>\n<th rowspan=\"2\" height=\"32\">2-Tone<\/th>\n<th>encoder<\/th>\n<td>Available<\/td>\n<\/tr>\n<tr>\n<th height=\"16\">decoder<\/th>\n<td>Available<\/td>\n<\/tr>\n<tr>\n<th rowspan=\"2\" height=\"32\">5-Tone<\/th>\n<th>encoder<\/th>\n<td>Available<\/td>\n<\/tr>\n<tr>\n<th height=\"16\">decoder<\/th>\n<td>Available<\/td>\n<\/tr>\n<tr>\n<th colspan=\"2\" height=\"16\">DTMF autodial<\/th>\n<td>Available<\/td>\n<\/tr>\n<tr>\n<th colspan=\"2\" height=\"16\">DTMF decoder<\/th>\n<td>\u2013<\/td>\n<\/tr>\n<tr>\n<th rowspan=\"3\" height=\"48\">Voice Scrambler<\/th>\n<th>Inversion<\/th>\n<td>Available<\/td>\n<\/tr>\n<tr>\n<th height=\"16\">Non-rolling<\/th>\n<td>\u2013<\/td>\n<\/tr>\n<tr>\n<th height=\"16\">Rolling<\/th>\n<td>\u2013<\/td>\n<\/tr>\n<tr>\n<th colspan=\"2\" height=\"16\">APCO P25 digital<\/th>\n<td>\u2013<\/td>\n<\/tr>\n<tr>\n<th colspan=\"2\" height=\"16\">6.25kHz digital<\/th>\n<td>\u2013<\/td>\n<\/tr>\n<tr>\n<th colspan=\"2\" height=\"16\">MDC 1200<\/th>\n<td>Available (Limited functions)<\/td>\n<\/tr>\n<tr>\n<th colspan=\"2\" height=\"16\">Motion function<\/th>\n<td>Available<\/td>\n<\/tr>\n<tr>\n<th colspan=\"2\" height=\"16\">Lone worker function<\/th>\n<td>Available<\/td>\n<\/tr>\n<tr>\n<th colspan=\"2\" height=\"16\">Man down function<\/th>\n<td>Available<\/td>\n<\/tr>\n<tr>\n<th colspan=\"2\" height=\"16\">Intrinsically safe<\/th>\n<td>\u2013<\/td>\n<\/tr>\n<tr>\n<th colspan=\"2\" height=\"16\">Voice announcement<\/th>\n<td>Available<\/td>\n<\/tr>\n<tr>\n<th colspan=\"2\" height=\"16\">Audio compander<\/th>\n<td>Available<\/td>\n<\/tr>\n<tr>\n<th colspan=\"2\" height=\"16\">GPS receiver<\/th>\n<td>\u2013<\/td>\n<\/tr>\n<\/tbody>\n<\/table>\n<div class=\"scroll-hint-icon-wrap\" data-target=\"scrollable-icon\"><\/div>\n<\/div>\n<\/div>\n<h2 class=\"headline2 title\">Applicable U.S. Military Specifications<\/h2>\n<div class=\"mod_cont\">\n<div class=\"table_wrap border scroll-hint\">\n<p>Icom makes rugged products that have been tested to and passed the following MIL-STD requirements and strict environmental standards.<\/p>\n<p>&nbsp;<\/p>\n<table>\n<tbody>\n<tr>\n<th colspan=\"1\" rowspan=\"2\">Standard<\/th>\n<td colspan=\"2\" rowspan=\"1\"><strong>MIL-810 G<\/strong><\/td>\n<\/tr>\n<tr>\n<td><strong>Method<\/strong><\/td>\n<td><strong>Procedure<\/strong><\/td>\n<\/tr>\n<tr>\n<th>Low Pressure Storage<\/th>\n<td>500.5 I<\/td>\n<td>I<\/td>\n<\/tr>\n<tr>\n<th>Low Pressure Operation<\/th>\n<td>500.5<\/td>\n<td>II<\/td>\n<\/tr>\n<tr>\n<th>High Temperature Storage<\/th>\n<td>501.5<\/td>\n<td>I<\/td>\n<\/tr>\n<tr>\n<th>High Temperature Operation<\/th>\n<td>501.5<\/td>\n<td>II<\/td>\n<\/tr>\n<tr>\n<th>Low Temperature Storage<\/th>\n<td>502.5<\/td>\n<td>I<\/td>\n<\/tr>\n<tr>\n<th>Low Temperature Operation<\/th>\n<td>502.5<\/td>\n<td>II<\/td>\n<\/tr>\n<tr>\n<th>Temperature Shock<\/th>\n<td>503.5<\/td>\n<td>I-C<\/td>\n<\/tr>\n<tr>\n<th>Solar Radiation<\/th>\n<td>505.5<\/td>\n<td>I<\/td>\n<\/tr>\n<tr>\n<th>Rain Blowing<\/th>\n<td>506.5<\/td>\n<td>I<\/td>\n<\/tr>\n<tr>\n<th>Rain Drip<\/th>\n<td>506.5<\/td>\n<td>III<\/td>\n<\/tr>\n<tr>\n<th>Humidity Induced<\/th>\n<td>507.5<\/td>\n<td>II<\/td>\n<\/tr>\n<tr>\n<th>Salt Fog<\/th>\n<td>509.5<\/td>\n<td>\u2013<\/td>\n<\/tr>\n<tr>\n<th>Dust Blowing<\/th>\n<td>510.5<\/td>\n<td>I<\/td>\n<\/tr>\n<tr>\n<th>Immersion<\/th>\n<td>512.5<\/td>\n<td>I<\/td>\n<\/tr>\n<tr>\n<th>Vibration<\/th>\n<td>514.6<\/td>\n<td>I<\/td>\n<\/tr>\n<tr>\n<th height=\"32\">Shock Functional<\/th>\n<td>516.6<\/td>\n<td>I<\/td>\n<\/tr>\n<tr>\n<th>Shock Transit Drop<\/th>\n<td>516.6<\/td>\n<td>IV<\/td>\n<\/tr>\n<\/tbody>\n<\/table>\n<p>&nbsp;<\/p>\n<p><strong>Also meets equivalent MIL-STD-810-C, -D -E and -F.<\/strong><\/p>\n<div class=\"scroll-hint-icon-wrap\" data-target=\"scrollable-icon\"><\/div>\n<\/div>\n<\/div>\n<div class=\"mod_cont\">\n<div class=\"table_wrap border scroll-hint\">\n<table cellspacing=\"0\" cellpadding=\"0\">\n<colgroup>\n<col \/>\n<col \/><\/colgroup>\n<tbody>\n<tr>\n<th colspan=\"2\"><strong>Ingress Protection Standard<\/strong>\u00a0(IC-F1000\/T\/S, IC-F2000\/T\/S &amp; HM-168LWP)<\/th>\n<\/tr>\n<tr>\n<th width=\"266\">Dust &amp; Water<\/th>\n<td width=\"267\">IP67 (Dust-tight and waterproof protection)<\/td>\n<\/tr>\n<\/tbody>\n<\/table>\n<p>&nbsp;<\/p>\n<p><strong>All stated specifications are subject to change without notice or obligation.<\/strong><\/p>\n<div class=\"scroll-hint-icon-wrap\" data-target=\"scrollable-icon\"><\/div>\n<\/div>\n<\/div>\n<h2 class=\"headline2 title\">Supplied accessories<\/h2>\n<div class=\"mod_cont\">\n<ul class=\"disc\">\n<li>Battery pack, BP-279<\/li>\n<li>Desktop charger, BC-213*<\/li>\n<li>AC adapter, BC-123SA\/SE\/SUK\/SV or BC-242*<\/li>\n<li>Belt clip, MB-133<\/li>\n<li>Antenna<\/li>\n<\/ul>\n<p>*May differ depending on version<\/p>\n<\/div>\n","protected":false},"excerpt":{"rendered":"<div class=\"elementor-element elementor-element-7857cfd elementor-widget elementor-widget-woocommerce-product-short-description\" data-id=\"7857cfd\" data-element_type=\"widget\" data-widget_type=\"woocommerce-product-short-description.default\">\n<div class=\"elementor-widget-container\">\n<div class=\"woocommerce-product-details__short-description\">\n<p>Little Radio, Big Sound! Class Leading 1500 mW Audio and Full of Great Features<\/p>\n<\/div>\n<\/div>\n<\/div>\n<div class=\"elementor-element elementor-element-64e522d elementor-widget elementor-widget-button\" data-id=\"64e522d\" data-element_type=\"widget\" data-widget_type=\"button.default\">\n<div class=\"elementor-widget-container\">\n<div class=\"elementor-button-wrapper\"><\/div>\n<\/div>\n<\/div>\n","protected":false},"featured_media":4500,"comment_status":"open","ping_status":"closed","template":"","meta":[],"product_brand":[36],"product_cat":[73,37],"product_tag":[],"class_list":{"0":"post-4499","1":"product","2":"type-product","3":"status-publish","4":"has-post-thumbnail","6":"product_brand-icom","7":"product_cat-analog-radios","8":"product_cat-icom","10":"first","11":"instock","12":"shipping-taxable","13":"product-type-simple"},"_links":{"self":[{"href":"https:\/\/haigo.co.id\/mat\/wp-json\/wp\/v2\/product\/4499","targetHints":{"allow":["GET"]}}],"collection":[{"href":"https:\/\/haigo.co.id\/mat\/wp-json\/wp\/v2\/product"}],"about":[{"href":"https:\/\/haigo.co.id\/mat\/wp-json\/wp\/v2\/types\/product"}],"replies":[{"embeddable":true,"href":"https:\/\/haigo.co.id\/mat\/wp-json\/wp\/v2\/comments?post=4499"}],"wp:featuredmedia":[{"embeddable":true,"href":"https:\/\/haigo.co.id\/mat\/wp-json\/wp\/v2\/media\/4500"}],"wp:attachment":[{"href":"https:\/\/haigo.co.id\/mat\/wp-json\/wp\/v2\/media?parent=4499"}],"wp:term":[{"taxonomy":"product_brand","embeddable":true,"href":"https:\/\/haigo.co.id\/mat\/wp-json\/wp\/v2\/product_brand?post=4499"},{"taxonomy":"product_cat","embeddable":true,"href":"https:\/\/haigo.co.id\/mat\/wp-json\/wp\/v2\/product_cat?post=4499"},{"taxonomy":"product_tag","embeddable":true,"href":"https:\/\/haigo.co.id\/mat\/wp-json\/wp\/v2\/product_tag?post=4499"}],"curies":[{"name":"wp","href":"https:\/\/api.w.org\/{rel}","templated":true}]}}