{"id":4386,"date":"2025-10-17T07:44:50","date_gmt":"2025-10-17T07:44:50","guid":{"rendered":"https:\/\/haigo.co.id\/mat\/?post_type=product&#038;p=4386"},"modified":"2025-10-17T07:44:50","modified_gmt":"2025-10-17T07:44:50","slug":"ic-m85","status":"publish","type":"product","link":"https:\/\/haigo.co.id\/mat\/product\/ic-m85\/","title":{"rendered":"IC-M85"},"content":{"rendered":"<h2 class=\"headline3 title\">General<\/h2>\n<div class=\"mod_cont\">\n<div class=\"table_wrap border scroll-hint\">\n<table>\n<tbody>\n<tr>\n<th colspan=\"2\"><\/th>\n<th>Marine channels<\/th>\n<th>Land mobile\u00a0channels<\/th>\n<\/tr>\n<tr>\n<th rowspan=\"2\">Frequency coverage<\/th>\n<th>Tx<\/th>\n<td>156.025\u2013157.425 MHz<\/td>\n<td rowspan=\"2\">136.000\u2013174.000 MHz<\/td>\n<\/tr>\n<tr>\n<th>Rx<\/th>\n<td>156.050\u2013163.275 MHz<\/td>\n<\/tr>\n<tr>\n<th colspan=\"2\">Usable channel groups,<br \/>\nNumber of channels<\/th>\n<td>USA, INT, CAN, WX channels<\/td>\n<td>100 land mobile channels<\/td>\n<\/tr>\n<tr>\n<th colspan=\"2\">Type of emissions<\/th>\n<td>16K0G3E<\/td>\n<td>16K0F3E\/11K0F3E<\/td>\n<\/tr>\n<tr>\n<th colspan=\"2\">Channel spacing<\/th>\n<td>25 kHz<\/td>\n<td>25 kHz\/12.5 kHz<\/td>\n<\/tr>\n<tr>\n<th colspan=\"2\">Power supply requirement<\/th>\n<td colspan=\"2\">7.2 V DC nominal<\/td>\n<\/tr>\n<tr>\n<th rowspan=\"2\">Current drain<br \/>\n(approximate)<\/th>\n<th>Tx<\/th>\n<td>1.5 A (at 5 W)<\/td>\n<td>(USA)<br \/>\n0.9 A (at 2 W)&nbsp;<\/p>\n<p>(EXP)<br \/>\n1.5 A (at 5 W)<\/td>\n<\/tr>\n<tr>\n<th>Rx Max. audio<\/th>\n<td colspan=\"2\">0.45 A<\/td>\n<\/tr>\n<tr>\n<th colspan=\"2\">Antenna impedance<\/th>\n<td colspan=\"2\">50 \u03a9<\/td>\n<\/tr>\n<tr>\n<th colspan=\"2\">Operating temperature range<\/th>\n<td>-20 \u00b0C to +60 \u00b0C<br \/>\n-4 \u00b0F to +140 \u00b0F<\/td>\n<td>-30 \u00b0C to +60 \u00b0C<br \/>\n-22 \u00b0F to +140 \u00b0F<\/td>\n<\/tr>\n<tr>\n<th colspan=\"2\">Dimensions (W\u00d7H\u00d7D)<br \/>\n(Projections not included)<\/th>\n<td colspan=\"2\">56 \u00d7 92 \u00d7 36.2 mm; 2.2 \u00d7 3.6 \u00d7 1.4 in (With BP-294)<br \/>\n56 \u00d7 92 \u00d7 29 mm; 2.2 \u00d7 3.6 \u00d7 1.1 in (With BP-290)<\/td>\n<\/tr>\n<tr>\n<th colspan=\"2\">Weight (approximate)<\/th>\n<td colspan=\"2\">281 g; 9.9 oz\u00a0(with BP-294, FA-SC58V and MBB-3)<br \/>\n246 g; 8.7 oz\u00a0(with BP-290, FA-SC58V and MBB-3)<\/td>\n<\/tr>\n<\/tbody>\n<\/table>\n<div class=\"scroll-hint-icon-wrap\" data-target=\"scrollable-icon\"><\/div>\n<\/div>\n<\/div>\n<h2 class=\"headline3 title\">Transmitter<\/h2>\n<div class=\"mod_cont\">\n<div class=\"table_wrap border scroll-hint\">\n<table>\n<tbody>\n<tr>\n<th><\/th>\n<th>Marine channels<\/th>\n<th>Land mobile\u00a0channels<\/th>\n<\/tr>\n<tr>\n<th>Output power (at 7.2 V DC)<\/th>\n<td>5\/3\/1 W<\/td>\n<td>(USA)<br \/>\n2\/1 W&nbsp;<\/p>\n<p>(EXP)<br \/>\n5\/3\/1 W<\/td>\n<\/tr>\n<tr>\n<th>Max. frequency deviation<\/th>\n<td>\u00b15.0 kHz<\/td>\n<td>\u00b15.0 kHz (Wide)<br \/>\n\u00b12.5 kHz (Narrow)<\/td>\n<\/tr>\n<tr>\n<th>Frequency stability<\/th>\n<td colspan=\"2\">\u00b15.0 ppm<\/td>\n<\/tr>\n<tr>\n<th>Spurious emissions<\/th>\n<td colspan=\"2\">-70 dBc typical<\/td>\n<\/tr>\n<tr>\n<th>FM hum and noise<\/th>\n<td>40 dB<\/td>\n<td>40 dB (Wide)<br \/>\n34 dB (Narrow)<\/td>\n<\/tr>\n<tr>\n<th>Audio harmonic distortion<\/th>\n<td colspan=\"2\">10% (at 60% deviation)<\/td>\n<\/tr>\n<tr>\n<th>Modulation limiting<\/th>\n<td colspan=\"2\">60-100% of maximum deviation<\/td>\n<\/tr>\n<\/tbody>\n<\/table>\n<div class=\"scroll-hint-icon-wrap\" data-target=\"scrollable-icon\"><\/div>\n<\/div>\n<\/div>\n<h2 class=\"headline3 title\">Receiver<\/h2>\n<div class=\"mod_cont\">\n<div class=\"table_wrap border scroll-hint\">\n<table>\n<tbody>\n<tr>\n<th colspan=\"2\"><\/th>\n<th>Marine channels<\/th>\n<th>Land\u00a0mobile\u00a0channels<\/th>\n<\/tr>\n<tr>\n<th colspan=\"2\">Sensitivity (at 12 dB SINAD)<\/th>\n<td colspan=\"2\">0.25 \u03bcV typical<\/td>\n<\/tr>\n<tr>\n<th colspan=\"2\">Adjacent channel selectivity<\/th>\n<td>70 dB typical<\/td>\n<td>70 dB typical (Wide)<br \/>\n55 dB typical (Narrow)<\/td>\n<\/tr>\n<tr>\n<th colspan=\"2\">Spurious response<\/th>\n<td colspan=\"2\">70 dB typical<\/td>\n<\/tr>\n<tr>\n<th colspan=\"2\">Intermodulation<\/th>\n<td colspan=\"2\">70 dB typical<\/td>\n<\/tr>\n<tr>\n<th rowspan=\"2\">Audio output power<\/th>\n<th>Internal SP<\/th>\n<td colspan=\"2\">700 mW typical<br \/>\n(at 10% distortion with 12 \u03a9 load)<\/td>\n<\/tr>\n<tr>\n<th>External SP<\/th>\n<td colspan=\"2\">700 mW typical<br \/>\n(at 10% distortion with 8 \u03a9 load)<\/td>\n<\/tr>\n<\/tbody>\n<\/table>\n<p><strong>Measurements made in accordance with TIA\/EIA-603.<br \/>\nAll stated specifications are subject to change without notice or obligation.<\/strong><\/p>\n<div class=\"scroll-hint-icon-wrap\" data-target=\"scrollable-icon\"><\/div>\n<\/div>\n<\/div>\n<h2 class=\"headline2 title\">Applicable U.S. Military Specifications<\/h2>\n<div class=\"mod_cont\">\n<div class=\"table_wrap border scroll-hint\">\n<table cellspacing=\"0\" cellpadding=\"0\">\n<tbody>\n<tr>\n<th colspan=\"1\" rowspan=\"2\">Standard<\/th>\n<td colspan=\"2\" rowspan=\"1\"><strong>MIL-810 G<\/strong><\/td>\n<\/tr>\n<tr>\n<td><strong>Method<\/strong><\/td>\n<td><strong>Procedure<\/strong><\/td>\n<\/tr>\n<tr>\n<th>Low Pressure<\/th>\n<td>500.5<\/td>\n<td>I, II<\/td>\n<\/tr>\n<tr>\n<th>High Temperature<\/th>\n<td>501.5<\/td>\n<td>I, II<\/td>\n<\/tr>\n<tr>\n<th>Low Temperature<\/th>\n<td>502.5<\/td>\n<td>I, II<\/td>\n<\/tr>\n<tr>\n<th>Temperature Shock<\/th>\n<td>503.5<\/td>\n<td>I-C<\/td>\n<\/tr>\n<tr>\n<th>Solar Radiation<\/th>\n<td>505.5<\/td>\n<td>I<\/td>\n<\/tr>\n<tr>\n<th>Rain Blowing\/Drip<\/th>\n<td>506.5<\/td>\n<td>I, III<\/td>\n<\/tr>\n<tr>\n<th>Humidity<\/th>\n<td>507.5<\/td>\n<td>II<\/td>\n<\/tr>\n<tr>\n<th>Salt Fog<\/th>\n<td>509.5<\/td>\n<td>\u2013<\/td>\n<\/tr>\n<tr>\n<th>Dust Blowing<\/th>\n<td>510.5<\/td>\n<td>I<\/td>\n<\/tr>\n<tr>\n<th>Immersion<\/th>\n<td>512.5<\/td>\n<td>I<\/td>\n<\/tr>\n<tr>\n<th>Vibration<\/th>\n<td>514.6<\/td>\n<td>I<\/td>\n<\/tr>\n<tr>\n<th>Shock<\/th>\n<td>516.6<\/td>\n<td>I, IV<\/td>\n<\/tr>\n<\/tbody>\n<\/table>\n<p><strong>Also meets equivalent MIL-STD-810 -C, -D, -E and -F.<\/strong><\/p>\n<div class=\"scroll-hint-icon-wrap\" data-target=\"scrollable-icon\"><\/div>\n<\/div>\n<\/div>\n<h2 class=\"headline2 title\">Applicable IP Rating<\/h2>\n<div class=\"mod_cont\">\n<div class=\"table_wrap border scroll-hint\">\n<table>\n<colgroup>\n<col \/>\n<col \/><\/colgroup>\n<tbody>\n<tr>\n<th colspan=\"2\">Ingress Protection Standard<\/th>\n<\/tr>\n<tr>\n<th width=\"303\">Water<\/th>\n<td width=\"220\">IP67 (Dust-tight and waterproof protection)<\/td>\n<\/tr>\n<\/tbody>\n<\/table>\n<p>&nbsp;<\/p>\n<div class=\"scroll-hint-icon-wrap\" data-target=\"scrollable-icon\"><\/div>\n<\/div>\n<\/div>\n<h2 class=\"headline2 title\">Supplied Accessories<\/h2>\n<div class=\"mod_cont\">\n<ul class=\"disc\">\n<li>BP-294 battery pack<\/li>\n<li>BC-227 rapid charger<\/li>\n<li>BC-123S* AC adapter<\/li>\n<li>FA-SC58V antenna<\/li>\n<li>MBB-3 belt clip<\/li>\n<li>Hand strap<\/li>\n<\/ul>\n<p>* SA for USA plug. SE for Europe plug.<\/p>\n<\/div>\n","protected":false},"excerpt":{"rendered":"<div class=\"elementor-element elementor-element-7857cfd elementor-widget elementor-widget-woocommerce-product-short-description\" data-id=\"7857cfd\" data-element_type=\"widget\" data-widget_type=\"woocommerce-product-short-description.default\">\n<div class=\"elementor-widget-container\">\n<div class=\"woocommerce-product-details__short-description\">\n<p>A Marine and Land Mobile Radio Combined in One<\/p>\n<\/div>\n<\/div>\n<\/div>\n","protected":false},"featured_media":4387,"comment_status":"open","ping_status":"closed","template":"","meta":[],"product_brand":[36],"product_cat":[37,69],"product_tag":[],"class_list":{"0":"post-4386","1":"product","2":"type-product","3":"status-publish","4":"has-post-thumbnail","6":"product_brand-icom","7":"product_cat-icom","8":"product_cat-marine-vhf","10":"first","11":"instock","12":"shipping-taxable","13":"product-type-simple"},"_links":{"self":[{"href":"https:\/\/haigo.co.id\/mat\/wp-json\/wp\/v2\/product\/4386","targetHints":{"allow":["GET"]}}],"collection":[{"href":"https:\/\/haigo.co.id\/mat\/wp-json\/wp\/v2\/product"}],"about":[{"href":"https:\/\/haigo.co.id\/mat\/wp-json\/wp\/v2\/types\/product"}],"replies":[{"embeddable":true,"href":"https:\/\/haigo.co.id\/mat\/wp-json\/wp\/v2\/comments?post=4386"}],"wp:featuredmedia":[{"embeddable":true,"href":"https:\/\/haigo.co.id\/mat\/wp-json\/wp\/v2\/media\/4387"}],"wp:attachment":[{"href":"https:\/\/haigo.co.id\/mat\/wp-json\/wp\/v2\/media?parent=4386"}],"wp:term":[{"taxonomy":"product_brand","embeddable":true,"href":"https:\/\/haigo.co.id\/mat\/wp-json\/wp\/v2\/product_brand?post=4386"},{"taxonomy":"product_cat","embeddable":true,"href":"https:\/\/haigo.co.id\/mat\/wp-json\/wp\/v2\/product_cat?post=4386"},{"taxonomy":"product_tag","embeddable":true,"href":"https:\/\/haigo.co.id\/mat\/wp-json\/wp\/v2\/product_tag?post=4386"}],"curies":[{"name":"wp","href":"https:\/\/api.w.org\/{rel}","templated":true}]}}