{"id":4332,"date":"2025-10-17T06:56:14","date_gmt":"2025-10-17T06:56:14","guid":{"rendered":"https:\/\/haigo.co.id\/mat\/?post_type=product&#038;p=4332"},"modified":"2025-10-20T02:28:17","modified_gmt":"2025-10-20T02:28:17","slug":"ic-78","status":"publish","type":"product","link":"https:\/\/haigo.co.id\/mat\/product\/ic-78\/","title":{"rendered":"IC-78"},"content":{"rendered":"<div class=\"mod_cont\">\n<div class=\"table_wrap border scroll-hint\">\n<table>\n<tbody>\n<tr>\n<th rowspan=\"2\">Frequency range<\/th>\n<th>TX<\/th>\n<td>1.6 ~ 29.9999 MHz<br \/>\n(Guaranteed: 0.5 ~ 29.9999)<\/td>\n<\/tr>\n<tr>\n<th>RX<\/th>\n<td>0.03 ~ 29.9999 MHz<\/td>\n<\/tr>\n<tr>\n<th colspan=\"2\">Power supply requirement<\/th>\n<td>13.8 V DC \u00b115% (Negative ground)<\/td>\n<\/tr>\n<tr>\n<th colspan=\"2\">Dimensions (W\u00d7H\u00d7D: Projections not included)<\/th>\n<td>240 \u00d7 95 \u00d7 239 mm, 9.4 \u00d7 3.7 \u00d7 9.4 in<\/td>\n<\/tr>\n<tr>\n<th colspan=\"2\">Weight (Approximate)<\/th>\n<td>3.8 kg, 8.4 lb<\/td>\n<\/tr>\n<tr>\n<th rowspan=\"2\"><strong>Current drain<\/strong><\/p>\n<p><strong>(at 13.8 V DC)<\/strong><\/th>\n<th>Rx Max. audio<br \/>\nStand by<\/th>\n<td>2.0 A<br \/>\n1.3 A<\/td>\n<\/tr>\n<tr>\n<th>Tx Max. power<\/th>\n<td>21.0 A<\/td>\n<\/tr>\n<tr>\n<th rowspan=\"2\">Sensitivity<br \/>\n(at 10 dB)<\/th>\n<th>SSB, CW, RTTY<\/th>\n<td>0.16 \u03bcV (1.600 ~ 29.999999 MHz)<br \/>\n(0.5 \u03bcV at 12 dB SINAD)<\/td>\n<\/tr>\n<tr>\n<th>AM<\/th>\n<td>13 \u03bcV (0.5 ~ 1.599999 MHz)<br \/>\n2 \u03bcV (1.600 ~ 29.999999 MHz)<\/td>\n<\/tr>\n<tr>\n<th rowspan=\"2\">Selectivity<\/th>\n<th>SSB, CW, RTTY<\/th>\n<td>More than 2.1 kHz\/\u20136 dB<br \/>\nLess than 4.5 kHz\/\u201360 dB<\/td>\n<\/tr>\n<tr>\n<th>AM<\/th>\n<td>More than 6.0 kHz\/\u20136 dB<br \/>\nLess than 20 kHz\/\u201340 dB<\/td>\n<\/tr>\n<tr>\n<th colspan=\"2\">Audio output powe (at 13.8 V DC)<\/th>\n<td>More than 2.0 W at 10% distortion with an 8 \u03a9 load<\/td>\n<\/tr>\n<tr>\n<th rowspan=\"2\">Output power (PEP)<br \/>\n(Output power differs depending on version)<\/th>\n<th>SSB, CW, RTTY<\/th>\n<td>2 ~ 100 W<\/td>\n<\/tr>\n<tr>\n<th>AM<\/th>\n<td>2 ~ 35 W<\/td>\n<\/tr>\n<\/tbody>\n<\/table>\n<p>&nbsp;<\/p>\n<p><strong>All stated specifications are subject to change without notice or obligation.<\/strong><\/p>\n<div class=\"scroll-hint-icon-wrap\" data-target=\"scrollable-icon\"><\/div>\n<\/div>\n<\/div>\n<h2 class=\"headline2 title\">Supplied Accessories<\/h2>\n<div class=\"mod_cont\">\n<ul class=\"disc\">\n<li>Hand microphone<\/li>\n<li>DC power cable<\/li>\n<li>Spare fuses<\/li>\n<\/ul>\n<\/div>\n","protected":false},"excerpt":{"rendered":"<div class=\"elementor-element elementor-element-7857cfd elementor-widget elementor-widget-woocommerce-product-short-description\" data-id=\"7857cfd\" data-element_type=\"widget\" data-widget_type=\"woocommerce-product-short-description.default\">\n<div class=\"elementor-widget-container\">\n<div class=\"woocommerce-product-details__short-description\">\n<p>Reliable Long Distance Communications<\/p>\n<\/div>\n<\/div>\n<\/div>\n<div class=\"elementor-element elementor-element-64e522d elementor-widget elementor-widget-button\" data-id=\"64e522d\" data-element_type=\"widget\" data-widget_type=\"button.default\">\n<div class=\"elementor-widget-container\">\n<div class=\"elementor-button-wrapper\"><\/div>\n<\/div>\n<\/div>\n","protected":false},"featured_media":4362,"comment_status":"open","ping_status":"closed","template":"","meta":[],"product_brand":[],"product_cat":[74,37,68],"product_tag":[],"class_list":{"0":"post-4332","1":"product","2":"type-product","3":"status-publish","4":"has-post-thumbnail","6":"product_cat-hf-radios","7":"product_cat-icom","8":"product_cat-ssb-radios","10":"first","11":"instock","12":"shipping-taxable","13":"product-type-simple"},"_links":{"self":[{"href":"https:\/\/haigo.co.id\/mat\/wp-json\/wp\/v2\/product\/4332","targetHints":{"allow":["GET"]}}],"collection":[{"href":"https:\/\/haigo.co.id\/mat\/wp-json\/wp\/v2\/product"}],"about":[{"href":"https:\/\/haigo.co.id\/mat\/wp-json\/wp\/v2\/types\/product"}],"replies":[{"embeddable":true,"href":"https:\/\/haigo.co.id\/mat\/wp-json\/wp\/v2\/comments?post=4332"}],"wp:featuredmedia":[{"embeddable":true,"href":"https:\/\/haigo.co.id\/mat\/wp-json\/wp\/v2\/media\/4362"}],"wp:attachment":[{"href":"https:\/\/haigo.co.id\/mat\/wp-json\/wp\/v2\/media?parent=4332"}],"wp:term":[{"taxonomy":"product_brand","embeddable":true,"href":"https:\/\/haigo.co.id\/mat\/wp-json\/wp\/v2\/product_brand?post=4332"},{"taxonomy":"product_cat","embeddable":true,"href":"https:\/\/haigo.co.id\/mat\/wp-json\/wp\/v2\/product_cat?post=4332"},{"taxonomy":"product_tag","embeddable":true,"href":"https:\/\/haigo.co.id\/mat\/wp-json\/wp\/v2\/product_tag?post=4332"}],"curies":[{"name":"wp","href":"https:\/\/api.w.org\/{rel}","templated":true}]}}