{"id":4330,"date":"2025-10-17T06:54:32","date_gmt":"2025-10-17T06:54:32","guid":{"rendered":"https:\/\/haigo.co.id\/mat\/?post_type=product&#038;p=4330"},"modified":"2025-10-17T07:30:06","modified_gmt":"2025-10-17T07:30:06","slug":"ic-718the-origin-of-the-hf-transceiver-now-improved-even-more","status":"publish","type":"product","link":"https:\/\/haigo.co.id\/mat\/product\/ic-718the-origin-of-the-hf-transceiver-now-improved-even-more\/","title":{"rendered":"IC-718"},"content":{"rendered":"<h2 class=\"headline3 title\">General<\/h2>\n<div class=\"mod_cont\">\n<div class=\"table_wrap border scroll-hint\">\n<table>\n<tbody>\n<tr>\n<th rowspan=\"2\">Frequency coverage<br \/>\n(Differs according to version)<\/th>\n<th>Rx<\/th>\n<td>0.030 ~ 29.999 MHz<sup>*1<\/sup><\/td>\n<\/tr>\n<tr>\n<th>Tx<\/th>\n<td>1.800 ~ 1.999<sup>*2<\/sup>, 3.500 ~ 3.999<sup>*2<\/sup>, 7.000 ~ 7.300,<br \/>\n10.100 ~ 10.150, 14.000 ~ 14.350, 18.068 ~ 18.168,<br \/>\n21.000 ~ 21.450, 24.890 ~ 24.990, 28.000 ~ 29.700 MHz<\/td>\n<\/tr>\n<tr>\n<th colspan=\"2\">Mode<\/th>\n<td>USB, LSB, CW, RTTY (FSK), AM<\/td>\n<\/tr>\n<tr>\n<th colspan=\"2\">Frequency resolution<\/th>\n<td>1 Hz<\/td>\n<\/tr>\n<tr>\n<th colspan=\"2\">Frequency stability<\/th>\n<td>Less than \u00b1200 Hz from 1 min. ~ 60 min. after power ON<br \/>\nLess than \u00b130 Hz\/hour at +25\u02daC (+77\u02daF) 1 hour later after power ON<br \/>\nLess than \u00b1350 Hz between 0\u02daC ~ +50\u02daC (+32\u02daF ~ +122\u02daF)<\/td>\n<\/tr>\n<tr>\n<th colspan=\"2\">Maximum current drain<\/th>\n<td>20 A at 13.8 V DC<\/td>\n<\/tr>\n<tr>\n<th colspan=\"2\">Power supply requirement<\/th>\n<td>13.8 V DC \u00b115 %<\/td>\n<\/tr>\n<tr>\n<th colspan=\"2\">Antenna connector<\/th>\n<td>SO-239 (50 \u03a9 unbalanced)<\/td>\n<\/tr>\n<tr>\n<th colspan=\"2\">Number of memory channels<\/th>\n<td>101 (99 regular, 2 scan edges)<\/td>\n<\/tr>\n<tr>\n<th colspan=\"1\" rowspan=\"2\">Power consumption<\/th>\n<th>Rx<\/th>\n<td>1.3 A (Standby), 2.0 A (Maximum audio)<\/td>\n<\/tr>\n<tr>\n<th>Tx<\/th>\n<td>20 A (at 100 W output power)<\/td>\n<\/tr>\n<tr>\n<th colspan=\"2\">Operating temperature range<\/th>\n<td>\u201310\u02daC ~ +60\u02daC, 14\u02daF ~ 140\u02daF<\/td>\n<\/tr>\n<tr>\n<th colspan=\"2\">Dimensions (W\u00d7H\u00d7D; projections are not included)<\/th>\n<td>240 \u00d7 95 \u00d7 239 mm, 9.4 \u00d7 3.7 \u00d7 9.4 in<\/td>\n<\/tr>\n<tr>\n<th colspan=\"2\">Weight (Approximately)<\/th>\n<td>3.8 kg, 8.4 lb<\/td>\n<\/tr>\n<\/tbody>\n<\/table>\n<p>*1 Guaranteed range 0.5 ~ 29.999 MHz.\u00a0\u00a0*2 Varies according to version.<\/p>\n<div class=\"scroll-hint-icon-wrap\" data-target=\"scrollable-icon\"><\/div>\n<\/div>\n<\/div>\n<h2 class=\"headline3 title\">Transmitter<\/h2>\n<div class=\"mod_cont\">\n<div class=\"table_wrap border scroll-hint\">\n<table>\n<tbody>\n<tr>\n<th rowspan=\"2\">Output power<\/th>\n<th>SSB, CW, RTTY<\/th>\n<td>2 ~ 100 W<\/td>\n<\/tr>\n<tr>\n<th>AM<\/th>\n<td>2 ~ 35 W<\/td>\n<\/tr>\n<tr>\n<th rowspan=\"2\">Modulation system<\/th>\n<th>SSB<\/th>\n<td>Balanced modulation<\/td>\n<\/tr>\n<tr>\n<th>AM<\/th>\n<td>Low level modulation<\/td>\n<\/tr>\n<tr>\n<th colspan=\"2\">Spurious emissions<\/th>\n<td>Less than \u201350 dB below peak output power<\/td>\n<\/tr>\n<tr>\n<th colspan=\"2\">Carrier suppression<\/th>\n<td>More than 40 dB<\/td>\n<\/tr>\n<tr>\n<th colspan=\"2\" height=\"32\">Unwanted sideband<\/th>\n<td>More than 50 dB<\/td>\n<\/tr>\n<tr>\n<th colspan=\"2\">Microphone impedance<\/th>\n<td>8-pin connector (600 \u03a9)<\/td>\n<\/tr>\n<\/tbody>\n<\/table>\n<div class=\"scroll-hint-icon-wrap\" data-target=\"scrollable-icon\"><\/div>\n<\/div>\n<\/div>\n<h2 class=\"headline3 title\">Receiver<\/h2>\n<div class=\"mod_cont\">\n<div class=\"table_wrap border scroll-hint\">\n<table>\n<tbody>\n<tr>\n<th colspan=\"2\">Receiver system<\/th>\n<td>Double-conversion superheterodyne<\/td>\n<\/tr>\n<tr>\n<th rowspan=\"2\">Sensitivity (at 10 dB S\/N)<br \/>\n(For all versions)<\/th>\n<th>SSB, CW, RTTY<\/th>\n<td>0.16 \u03bcV (1.8 ~ 29.999 MHz)<\/td>\n<\/tr>\n<tr>\n<th>AM<\/th>\n<td>13 \u03bcV (0.5 ~ 1.799 MHz)<br \/>\n2 \u03bcV (1.8 ~ 29.999 MHz)<\/td>\n<\/tr>\n<tr>\n<th rowspan=\"2\">Selectivity<\/th>\n<th>SSB, CW, RTTY<\/th>\n<td>More than 2.1 kHz \/ \u20136 dB<br \/>\nLess than 4.5 kHz \/ \u201360 dB<\/td>\n<\/tr>\n<tr>\n<th>AM<\/th>\n<td>More than 6.0 kHz\/\u20136 dB<br \/>\nLess than 20 kHz \/ \u201340 dB<\/td>\n<\/tr>\n<tr>\n<th colspan=\"2\">Squelch sensitivity (Threshold)<\/th>\n<td>Less than 5.6 \u03bcV (SSB)<\/td>\n<\/tr>\n<tr>\n<th colspan=\"2\">Spurious and image rejection<\/th>\n<td>More than 70 dB (1.8 ~ 29.999 MHz)<\/td>\n<\/tr>\n<tr>\n<th colspan=\"2\">Audio output power<\/th>\n<td>More than 2.0 W (at 10 % distortion with an 8 \u03a9 load)<\/td>\n<\/tr>\n<tr>\n<th colspan=\"2\">External speaker connector<\/th>\n<td>2-conductor 3.5 (d) mm (1\/8) \/ 8 \u03a9<\/td>\n<\/tr>\n<\/tbody>\n<\/table>\n<p>The LCD display may have cosmetic imperfections that appear as small or dark spots. This is not a malfunction or defect, but a normal characteristic of LCD displays.<\/p>\n<p><strong>All stated specifications are subject to change without notice or obligation.<\/strong><\/p>\n<div class=\"scroll-hint-icon-wrap\" data-target=\"scrollable-icon\"><\/div>\n<\/div>\n<\/div>\n<h2 class=\"headline2 title\">Applicable U.S. Military Specifications<\/h2>\n<div class=\"mod_cont\">\n<div class=\"table_wrap border scroll-hint\">\n<table cellspacing=\"0\" cellpadding=\"0\">\n<tbody>\n<tr>\n<th colspan=\"1\" rowspan=\"2\">Standard<\/th>\n<td colspan=\"2\" rowspan=\"1\"><strong>MIL 810 F<\/strong><\/td>\n<\/tr>\n<tr>\n<td><strong>Method<\/strong><\/td>\n<td><strong>Procedure<\/strong><\/td>\n<\/tr>\n<tr>\n<th>Temperature Shock<\/th>\n<td>503.4<\/td>\n<td>I<\/td>\n<\/tr>\n<tr>\n<th>Rain Drip*<\/th>\n<td>506.4<\/td>\n<td>III<\/td>\n<\/tr>\n<tr>\n<th>Vibration<\/th>\n<td>514.5<\/td>\n<td>I<\/td>\n<\/tr>\n<tr>\n<th>Shock<\/th>\n<td>516.5<\/td>\n<td>I, IV<\/td>\n<\/tr>\n<\/tbody>\n<\/table>\n<p>*Rain Drip test was performed on the front panel only. Also meets equivalent MIL-STD-810-C, -D and -E.<\/p>\n<div class=\"scroll-hint-icon-wrap\" data-target=\"scrollable-icon\"><\/div>\n<\/div>\n<\/div>\n<h2 class=\"headline2 title\">Supplied Accessories<\/h2>\n<div class=\"mod_cont\">\n<ul class=\"disc\">\n<li>Hand microphone<\/li>\n<li>DC power cable<\/li>\n<li>Spare fuses<\/li>\n<\/ul>\n<p>(May differ depending on the version)<\/p>\n<\/div>\n","protected":false},"excerpt":{"rendered":"<div class=\"elementor-element elementor-element-7857cfd elementor-widget elementor-widget-woocommerce-product-short-description\" data-id=\"7857cfd\" data-element_type=\"widget\" data-widget_type=\"woocommerce-product-short-description.default\">\n<div class=\"elementor-widget-container\">\n<div class=\"woocommerce-product-details__short-description\">\n<p>The Origin of the HF Transceiver Now Improved Even More<\/p>\n<\/div>\n<\/div>\n<\/div>\n<div class=\"elementor-element elementor-element-64e522d elementor-widget elementor-widget-button\" data-id=\"64e522d\" data-element_type=\"widget\" data-widget_type=\"button.default\">\n<div class=\"elementor-widget-container\">\n<div class=\"elementor-button-wrapper\"><\/div>\n<\/div>\n<\/div>\n","protected":false},"featured_media":4363,"comment_status":"open","ping_status":"closed","template":"","meta":[],"product_brand":[36],"product_cat":[37,68],"product_tag":[],"class_list":{"0":"post-4330","1":"product","2":"type-product","3":"status-publish","4":"has-post-thumbnail","6":"product_brand-icom","7":"product_cat-icom","8":"product_cat-ssb-radios","10":"first","11":"instock","12":"shipping-taxable","13":"product-type-simple"},"_links":{"self":[{"href":"https:\/\/haigo.co.id\/mat\/wp-json\/wp\/v2\/product\/4330","targetHints":{"allow":["GET"]}}],"collection":[{"href":"https:\/\/haigo.co.id\/mat\/wp-json\/wp\/v2\/product"}],"about":[{"href":"https:\/\/haigo.co.id\/mat\/wp-json\/wp\/v2\/types\/product"}],"replies":[{"embeddable":true,"href":"https:\/\/haigo.co.id\/mat\/wp-json\/wp\/v2\/comments?post=4330"}],"wp:featuredmedia":[{"embeddable":true,"href":"https:\/\/haigo.co.id\/mat\/wp-json\/wp\/v2\/media\/4363"}],"wp:attachment":[{"href":"https:\/\/haigo.co.id\/mat\/wp-json\/wp\/v2\/media?parent=4330"}],"wp:term":[{"taxonomy":"product_brand","embeddable":true,"href":"https:\/\/haigo.co.id\/mat\/wp-json\/wp\/v2\/product_brand?post=4330"},{"taxonomy":"product_cat","embeddable":true,"href":"https:\/\/haigo.co.id\/mat\/wp-json\/wp\/v2\/product_cat?post=4330"},{"taxonomy":"product_tag","embeddable":true,"href":"https:\/\/haigo.co.id\/mat\/wp-json\/wp\/v2\/product_tag?post=4330"}],"curies":[{"name":"wp","href":"https:\/\/api.w.org\/{rel}","templated":true}]}}